{"id":44318,"date":"2025-11-08T16:23:53","date_gmt":"2025-11-08T15:23:53","guid":{"rendered":"https:\/\/vintegris.com\/legal-notice\/"},"modified":"2025-12-10T11:11:38","modified_gmt":"2025-12-10T10:11:38","slug":"legal-notice","status":"publish","type":"page","link":"https:\/\/vintegris.com\/en\/legal-notice\/","title":{"rendered":"Legal notice"},"content":{"rendered":"\t\t<div data-elementor-type=\"wp-page\" data-elementor-id=\"44318\" class=\"elementor elementor-44318 elementor-1661\" data-elementor-post-type=\"page\">\n\t\t\t\t<div class=\"elementor-element elementor-element-9ac4877 e-flex e-con-boxed e-con e-parent\" data-id=\"9ac4877\" data-element_type=\"container\" data-e-type=\"container\" data-settings=\"{&quot;jet_parallax_layout_list&quot;:[]}\">\n\t\t\t\t\t<div class=\"e-con-inner\">\n\t\t\t\t<div class=\"elementor-element elementor-element-93e24bd elementor-widget elementor-widget-heading\" data-id=\"93e24bd\" data-element_type=\"widget\" data-e-type=\"widget\" data-widget_type=\"heading.default\">\n\t\t\t\t\t<h1 class=\"elementor-heading-title elementor-size-default\">Legal notice<\/h1>\t\t\t\t<\/div>\n\t\t\t\t\t<\/div>\n\t\t\t\t<\/div>\n\t\t<div class=\"elementor-element elementor-element-4cd2693 e-flex e-con-boxed e-con e-parent\" data-id=\"4cd2693\" data-element_type=\"container\" data-e-type=\"container\" data-settings=\"{&quot;background_background&quot;:&quot;classic&quot;,&quot;jet_parallax_layout_list&quot;:[]}\">\n\t\t\t\t\t<div class=\"e-con-inner\">\n\t\t<div class=\"elementor-element elementor-element-7041925 e-con-full e-flex e-con e-child\" data-id=\"7041925\" data-element_type=\"container\" data-e-type=\"container\" data-settings=\"{&quot;jet_parallax_layout_list&quot;:[]}\">\n\t\t<div class=\"elementor-element elementor-element-057dbc7 e-con-full e-flex e-con e-child\" data-id=\"057dbc7\" data-element_type=\"container\" data-e-type=\"container\" data-settings=\"{&quot;jet_parallax_layout_list&quot;:[]}\">\n\t\t\t\t<div class=\"elementor-element elementor-element-e8f52b3 elementor-widget__width-initial elementor-widget elementor-widget-heading\" data-id=\"e8f52b3\" data-element_type=\"widget\" data-e-type=\"widget\" data-widget_type=\"heading.default\">\n\t\t\t\t\t<div class=\"elementor-heading-title elementor-size-default\">Legal Notice<\/div>\t\t\t\t<\/div>\n\t\t\t\t<div class=\"elementor-element elementor-element-25ec0f9 elementor-widget__width-initial elementor-widget elementor-widget-text-editor\" data-id=\"25ec0f9\" data-element_type=\"widget\" data-e-type=\"widget\" data-widget_type=\"text-editor.default\">\n\t\t\t\t\t\t\t\t\t<p><span style=\"color: #0078AA; \">vintegris.com<\/span> is a website under the responsibility of <span style=\"font-weight: 600; \">VINTEGRIS, SL<br><\/span> In compliance with Article 10 of Law 34\/2002, of July 11, on Information Society Services and Electronic Commerce, we inform you that VINTEGRIS, SL, with registered office at Carrer Pallars, 99, 08018, Floor 3, Office 33, Barcelona, Spain and at Calle Isabel Colbrand, 10-12, Office 108, 28050, Las Tablas, Madrid, Spain, with Tax Identification Number (CIF) B-62913926, is registered in the Mercantile Registry of Barcelona.<br> If you wish to contact us, you can do so at our headquarters, by email at <span style=\"color: #0078AA; \">info@vintegris.com,<\/span> or by phone at 934 329 098. <\/p>\t\t\t\t\t\t\t\t<\/div>\n\t\t\t\t<\/div>\n\t\t<div class=\"elementor-element elementor-element-217f59d e-con-full e-flex e-con e-child\" data-id=\"217f59d\" data-element_type=\"container\" data-e-type=\"container\" data-settings=\"{&quot;jet_parallax_layout_list&quot;:[]}\">\n\t\t\t\t<div class=\"elementor-element elementor-element-4ba3089 elementor-widget__width-initial elementor-widget elementor-widget-heading\" data-id=\"4ba3089\" data-element_type=\"widget\" data-e-type=\"widget\" data-widget_type=\"heading.default\">\n\t\t\t\t\t<div class=\"elementor-heading-title elementor-size-default\">Terms of use<\/div>\t\t\t\t<\/div>\n\t\t<div class=\"elementor-element elementor-element-0025ccd e-con-full e-flex e-con e-child\" data-id=\"0025ccd\" data-element_type=\"container\" data-e-type=\"container\" data-settings=\"{&quot;jet_parallax_layout_list&quot;:[]}\">\n\t\t\t\t<div class=\"elementor-element elementor-element-63edce5 elementor-widget__width-initial elementor-widget elementor-widget-heading\" data-id=\"63edce5\" data-element_type=\"widget\" data-e-type=\"widget\" data-widget_type=\"heading.default\">\n\t\t\t\t\t<div class=\"elementor-heading-title elementor-size-default\">About the user<\/div>\t\t\t\t<\/div>\n\t\t\t\t<div class=\"elementor-element elementor-element-990213f elementor-widget__width-initial elementor-widget elementor-widget-text-editor\" data-id=\"990213f\" data-element_type=\"widget\" data-e-type=\"widget\" data-widget_type=\"text-editor.default\">\n\t\t\t\t\t\t\t\t\t<p>Access to and\/or use of the <span style=\"font-weight: 600; \">V\u00cdNTEGRIS<\/span> websites by any person confers the status of USER upon that person. The USER accepts, for the use of and access to the various V\u00cdNTEGRIS websites, the <span style=\"font-weight: 600; \">Terms of Use of the V\u00cdNTEGRIS websites<\/span> set forth in this section.<br> If the USER decides not to accept these conditions, they must refrain from accessing and\/or using the content and services offered by V\u00cdNTEGRIS on this site.<br> The USER of the <span style=\"font-weight: 600; \">V\u00cdNTEGRIS<\/span> sites must read the legal notice and the conditions of use each time they intend to use them, as modifications may occur, without prior notice, regarding the use and the content. <\/p>\t\t\t\t\t\t\t\t<\/div>\n\t\t\t\t<\/div>\n\t\t\t\t<\/div>\n\t\t<div class=\"elementor-element elementor-element-8fb450e e-con-full e-flex e-con e-child\" data-id=\"8fb450e\" data-element_type=\"container\" data-e-type=\"container\" data-settings=\"{&quot;jet_parallax_layout_list&quot;:[]}\">\n\t\t\t\t<div class=\"elementor-element elementor-element-9fa3cb1 elementor-widget__width-initial elementor-widget elementor-widget-heading\" data-id=\"9fa3cb1\" data-element_type=\"widget\" data-e-type=\"widget\" data-widget_type=\"heading.default\">\n\t\t\t\t\t<div class=\"elementor-heading-title elementor-size-default\">User and V\u00edntegris responsibilities<\/div>\t\t\t\t<\/div>\n\t\t\t\t<div class=\"elementor-element elementor-element-69066cf elementor-widget__width-initial elementor-widget elementor-widget-text-editor\" data-id=\"69066cf\" data-element_type=\"widget\" data-e-type=\"widget\" data-widget_type=\"text-editor.default\">\n\t\t\t\t\t\t\t\t\t<p>This site offers access to various content (services, information, data, etc.). The USER assumes responsibility for the use of the site. Therefore, it is the USER&#8217;s responsibility, commitment, and obligation to make appropriate use of the content and services that V\u00cdNTEGRIS offers through the site. In particular, the USER agrees not to use this site for actions that may:<br> Engaging in illicit or illegal activities according to Spanish law.<br> Violating Spanish and international legislation on intellectual and industrial property.<br> Disseminating content or propaganda of a racist, xenophobic, illegal pornographic nature, that glorifies terrorism or that violates human rights.<br> Causing damage to the computer systems of V\u00cdNTEGRIS, its suppliers or third parties.<br> Introducing or spreading malicious software, computer viruses or other physical or logical systems that are likely to cause the damage mentioned in the previous point.<br> Attempting to access or, where applicable, use other USERS&#8217; accounts and modify or manipulate their data.<br> The USER is solely responsible for any infractions they may commit or damages they may cause through improper use of the sites. V\u00cdNTEGRIS is exempt from any liability that may arise from the USER&#8217;s actions.<br> V\u00cdNTEGRIS will use all reasonable and necessary efforts and means to facilitate its task and provide the desired service; however, V\u00cdNTEGRIS does not assume any guarantee regarding the absence of errors or possible inaccuracies and omissions in the public content.<br> V\u00cdNTEGRIS verifies the published information using technology and qualified personnel. However, inaccuracies, typos, or other errors may occur, therefore V\u00cdNTEGRIS does not guarantee the accuracy of the information or the content of the site under any circumstances.     <br>The services offered through the Internet depend on multiple systems, technologies and elements that are not under the control or responsibility of V\u00cdNTEGRIS, therefore V\u00cdNTEGRIS is not responsible for damages of any nature that may arise from the unavailability or continuity of the operation of the site.<br>Likewise, V\u00cdNTEGRIS is not responsible for any failures or damages, direct or indirect, that may be caused to the USER&#8217;s computer system or to the files stored therein as a result of viruses or any other harmful software that may be hosted on the site.<br>In light of the above, V\u00cdNTEGRIS recommends that USERS use security tools (antivirus, passwords, encryption of sensitive information, firewalls, screensavers, etc.) on their computers to avoid, as far as possible, damages and losses caused by malicious software and illegal activities of third parties in general.<\/p>\t\t\t\t\t\t\t\t<\/div>\n\t\t\t\t<\/div>\n\t\t<div class=\"elementor-element elementor-element-509d474 e-con-full e-flex e-con e-child\" data-id=\"509d474\" data-element_type=\"container\" data-e-type=\"container\" data-settings=\"{&quot;jet_parallax_layout_list&quot;:[]}\">\n\t\t\t\t<div class=\"elementor-element elementor-element-624a62b elementor-widget__width-initial elementor-widget elementor-widget-heading\" data-id=\"624a62b\" data-element_type=\"widget\" data-e-type=\"widget\" data-widget_type=\"heading.default\">\n\t\t\t\t\t<div class=\"elementor-heading-title elementor-size-default\">User registration<\/div>\t\t\t\t<\/div>\n\t\t\t\t<div class=\"elementor-element elementor-element-5c67dcd elementor-widget__width-initial elementor-widget elementor-widget-text-editor\" data-id=\"5c67dcd\" data-element_type=\"widget\" data-e-type=\"widget\" data-widget_type=\"text-editor.default\">\n\t\t\t\t\t\t\t\t\t<p>Access to certain services requires REGISTERED USER status. It is the USER&#8217;s responsibility to safeguard their password to prevent identity theft on V\u00cdNTEGRIS websites accessed as a REGISTERED USER.<br> Likewise, the USER declares that all personal information provided for access to the V\u00cdNTEGRIS website and during its use is true, complete and accurate, and undertakes to keep it updated in subsequent uses of the services made available by V\u00cdNTEGRIS. <\/p>\t\t\t\t\t\t\t\t<\/div>\n\t\t\t\t<\/div>\n\t\t<div class=\"elementor-element elementor-element-e5c2b5b e-con-full e-flex e-con e-child\" data-id=\"e5c2b5b\" data-element_type=\"container\" data-e-type=\"container\" data-settings=\"{&quot;jet_parallax_layout_list&quot;:[]}\">\n\t\t\t\t<div class=\"elementor-element elementor-element-4c77f7e elementor-widget__width-initial elementor-widget elementor-widget-heading\" data-id=\"4c77f7e\" data-element_type=\"widget\" data-e-type=\"widget\" data-widget_type=\"heading.default\">\n\t\t\t\t\t<div class=\"elementor-heading-title elementor-size-default\">Links to external sites to V\u00edntegris<\/div>\t\t\t\t<\/div>\n\t\t\t\t<div class=\"elementor-element elementor-element-7b489ba elementor-widget__width-initial elementor-widget elementor-widget-text-editor\" data-id=\"7b489ba\" data-element_type=\"widget\" data-e-type=\"widget\" data-widget_type=\"text-editor.default\">\n\t\t\t\t\t\t\t\t\t<p>This site contains links that allow the USER to access other internet pages external to the V\u00cdNTEGRIS website. If you, as the USER, use these links, V\u00cdNTEGRIS informs you that it has no control over these sites and their content. <br>Under no circumstances will V\u00cdNTEGRIS assume any responsibility for the content of links belonging to a third-party website, nor will it guarantee the technical availability, quality, reliability, accuracy, completeness, truthfulness, validity, and legality of any material or information contained in said hyperlinks or other Internet sites.<br>If any USER becomes aware that the links lead to pages whose content or services are illegal, harmful, degrading, violent or immoral, we would appreciate it if they would contact V\u00cdNTEGRIS and indicate this, so that we can proceed to remove said link.<br>All activity carried out on sites not owned by V\u00cdNTEGRIS is governed by their own rules and conditions, so we recommend that, before using them, USERS inform themselves about this in the legal notice or similar sections of said sites.<\/p>\t\t\t\t\t\t\t\t<\/div>\n\t\t\t\t<\/div>\n\t\t<div class=\"elementor-element elementor-element-2163982 e-con-full e-flex e-con e-child\" data-id=\"2163982\" data-element_type=\"container\" data-e-type=\"container\" data-settings=\"{&quot;jet_parallax_layout_list&quot;:[]}\">\n\t\t\t\t<div class=\"elementor-element elementor-element-6ac75a6 elementor-widget__width-initial elementor-widget elementor-widget-heading\" data-id=\"6ac75a6\" data-element_type=\"widget\" data-e-type=\"widget\" data-widget_type=\"heading.default\">\n\t\t\t\t\t<div class=\"elementor-heading-title elementor-size-default\">Industrial and intellectual property<\/div>\t\t\t\t<\/div>\n\t\t\t\t<div class=\"elementor-element elementor-element-579d0e1 elementor-widget__width-initial elementor-widget elementor-widget-text-editor\" data-id=\"579d0e1\" data-element_type=\"widget\" data-e-type=\"widget\" data-widget_type=\"text-editor.default\">\n\t\t\t\t\t\t\t\t\t<p>This website is owned by V\u00cdNTEGRIS. The intellectual property rights and rights to use and reproduce this site, its pages, screens, the information they contain (including software, audio, and video), its appearance, and design are the exclusive property of V\u00cdNTEGRIS, unless otherwise specified. All names, distinguishing symbols, designs, and logos that make up these pages are trademarks duly registered by V\u00cdNTEGRIS or their respective owners. Any unauthorized use of these trademarks by anyone other than their rightful owner may be prosecuted in accordance with applicable law.<br> The user may view all elements, print them, copy them, and store them on their hard drive or any other medium, provided that their use is solely and exclusively personal and private. It is strictly prohibited to use this content for commercial purposes, distribute it, modify it, alter it, or decompile it.    <\/p>\t\t\t\t\t\t\t\t<\/div>\n\t\t\t\t<\/div>\n\t\t<div class=\"elementor-element elementor-element-e7b3e54 e-con-full e-flex e-con e-child\" data-id=\"e7b3e54\" data-element_type=\"container\" data-e-type=\"container\" data-settings=\"{&quot;jet_parallax_layout_list&quot;:[]}\">\n\t\t\t\t<div class=\"elementor-element elementor-element-418773e elementor-widget__width-initial elementor-widget elementor-widget-heading\" data-id=\"418773e\" data-element_type=\"widget\" data-e-type=\"widget\" data-widget_type=\"heading.default\">\n\t\t\t\t\t<div class=\"elementor-heading-title elementor-size-default\">Applicable legislation<\/div>\t\t\t\t<\/div>\n\t\t\t\t<div class=\"elementor-element elementor-element-4fe45fd elementor-widget__width-initial elementor-widget elementor-widget-text-editor\" data-id=\"4fe45fd\" data-element_type=\"widget\" data-e-type=\"widget\" data-widget_type=\"text-editor.default\">\n\t\t\t\t\t\t\t\t\t<p>The content, uses and conditions of use of this website are governed by Spanish law.<\/p>\t\t\t\t\t\t\t\t<\/div>\n\t\t\t\t<\/div>\n\t\t\t\t<\/div>\n\t\t\t\t\t<\/div>\n\t\t\t\t<\/div>\n\t\t<div class=\"elementor-element elementor-element-0569962 e-con-full e-flex e-con e-parent\" data-id=\"0569962\" data-element_type=\"container\" data-e-type=\"container\" data-settings=\"{&quot;jet_parallax_layout_list&quot;:[]}\">\n\t\t\t\t<div class=\"elementor-element elementor-element-125fa99 elementor-widget elementor-widget-template\" data-id=\"125fa99\" data-element_type=\"widget\" data-e-type=\"widget\" data-widget_type=\"template.default\">\n\t\t\t\t<div class=\"elementor-widget-container\">\n\t\t\t\t\t\t\t<div class=\"elementor-template\">\n\t\t\t\t\t<div data-elementor-type=\"container\" data-elementor-id=\"43865\" class=\"elementor elementor-43865 elementor-521\" data-elementor-post-type=\"elementor_library\">\n\t\t\t\t<div class=\"elementor-element elementor-element-3e4d9ad0 e-flex e-con-boxed e-con e-parent\" data-id=\"3e4d9ad0\" data-element_type=\"container\" data-e-type=\"container\" data-settings=\"{&quot;background_background&quot;:&quot;classic&quot;,&quot;jet_parallax_layout_list&quot;:[]}\">\n\t\t\t\t\t<div class=\"e-con-inner\">\n\t\t<div class=\"elementor-element elementor-element-43bfa597 e-con-full e-flex e-con e-child\" data-id=\"43bfa597\" data-element_type=\"container\" data-e-type=\"container\" data-settings=\"{&quot;jet_parallax_layout_list&quot;:[]}\">\n\t\t\t\t<div class=\"elementor-element elementor-element-3b6eadf elementor-widget elementor-widget-html\" data-id=\"3b6eadf\" data-element_type=\"widget\" data-e-type=\"widget\" data-widget_type=\"html.default\">\n\t\t\t\t\t<script charset=\"utf-8\" type=\"text\/javascript\" src=\"\/\/js-eu1.hsforms.net\/forms\/embed\/v2.js\"><\/script>\r\n<script>\r\n  hbspt.forms.create({\r\n    portalId: \"143553883\",\r\n    formId: \"409238aa-5bd7-4dee-8ea7-6eb006e48c9f\",\r\n    region: \"eu1\"\r\n  });\r\n<\/script>\t\t\t\t<\/div>\n\t\t\t\t<\/div>\n\t\t<div class=\"elementor-element elementor-element-468278d8 e-con-full e-flex e-con e-child\" data-id=\"468278d8\" data-element_type=\"container\" data-e-type=\"container\" data-settings=\"{&quot;jet_parallax_layout_list&quot;:[]}\">\n\t\t\t\t<div class=\"elementor-element elementor-element-251349f1 elementor-widget elementor-widget-heading\" data-id=\"251349f1\" data-element_type=\"widget\" data-e-type=\"widget\" data-widget_type=\"heading.default\">\n\t\t\t\t\t<h3 class=\"elementor-heading-title elementor-size-default\">Stay up to date with our news.<\/h3>\t\t\t\t<\/div>\n\t\t\t\t<div class=\"elementor-element elementor-element-f258e06 elementor-widget elementor-widget-text-editor\" data-id=\"f258e06\" data-element_type=\"widget\" data-e-type=\"widget\" data-widget_type=\"text-editor.default\">\n\t\t\t\t\t\t\t\t\t<p>Subscribe to our newsletter and discover the latest updates on cybersecurity, digital identity, and trusted business solutions.<\/p>\t\t\t\t\t\t\t\t<\/div>\n\t\t\t\t<\/div>\n\t\t\t\t\t<\/div>\n\t\t\t\t<\/div>\n\t\t\t\t<\/div>\n\t\t\t\t<\/div>\n\t\t\t\t\t\t<\/div>\n\t\t\t\t<\/div>\n\t\t\t\t<\/div>\n\t\t\t\t<\/div>\n\t\t","protected":false},"excerpt":{"rendered":"<p>Legal Notice vintegris.com is a website under the responsibility of VINTEGRIS, SL In compliance with Article 10 of Law 34\/2002, of July 11, on Information Society Services and Electronic Commerce, we inform you that VINTEGRIS, SL, with registered office at Carrer Pallars, 99, 08018, Floor 3, Office 33, Barcelona, Spain and at Calle Isabel Colbrand, [&hellip;]<\/p>\n","protected":false},"author":5,"featured_media":0,"parent":0,"menu_order":0,"comment_status":"closed","ping_status":"closed","template":"","meta":{"content-type":"","footnotes":""},"class_list":["post-44318","page","type-page","status-publish","hentry"],"yoast_head":"<!-- This site is optimized with the Yoast SEO plugin v27.2 - https:\/\/yoast.com\/product\/yoast-seo-wordpress\/ -->\n<title>Legal notice - vintegris<\/title>\n<meta name=\"robots\" content=\"index, follow, max-snippet:-1, max-image-preview:large, max-video-preview:-1\" \/>\n<link rel=\"canonical\" href=\"https:\/\/vintegris.com\/en\/legal-notice\/\" \/>\n<meta property=\"og:locale\" content=\"en_US\" \/>\n<meta property=\"og:type\" content=\"article\" \/>\n<meta property=\"og:title\" content=\"Legal notice - vintegris\" \/>\n<meta property=\"og:description\" content=\"Legal Notice vintegris.com is a website under the responsibility of VINTEGRIS, SL In compliance with Article 10 of Law 34\/2002, of July 11, on Information Society Services and Electronic Commerce, we inform you that VINTEGRIS, SL, with registered office at Carrer Pallars, 99, 08018, Floor 3, Office 33, Barcelona, Spain and at Calle Isabel Colbrand, [&hellip;]\" \/>\n<meta property=\"og:url\" content=\"https:\/\/vintegris.com\/en\/legal-notice\/\" \/>\n<meta property=\"og:site_name\" content=\"vintegris\" \/>\n<meta property=\"article:modified_time\" content=\"2025-12-10T10:11:38+00:00\" \/>\n<meta name=\"twitter:card\" content=\"summary_large_image\" \/>\n<meta name=\"twitter:label1\" content=\"Est. reading time\" \/>\n\t<meta name=\"twitter:data1\" content=\"5 minutes\" \/>\n<script type=\"application\/ld+json\" class=\"yoast-schema-graph\">{\"@context\":\"https:\/\/schema.org\",\"@graph\":[{\"@type\":\"WebPage\",\"@id\":\"https:\/\/vintegris.com\/en\/legal-notice\/\",\"url\":\"https:\/\/vintegris.com\/en\/legal-notice\/\",\"name\":\"Legal notice - vintegris\",\"isPartOf\":{\"@id\":\"https:\/\/vintegris.com\/en\/#website\"},\"datePublished\":\"2025-11-08T15:23:53+00:00\",\"dateModified\":\"2025-12-10T10:11:38+00:00\",\"breadcrumb\":{\"@id\":\"https:\/\/vintegris.com\/en\/legal-notice\/#breadcrumb\"},\"inLanguage\":\"en-US\",\"potentialAction\":[{\"@type\":\"ReadAction\",\"target\":[\"https:\/\/vintegris.com\/en\/legal-notice\/\"]}]},{\"@type\":\"BreadcrumbList\",\"@id\":\"https:\/\/vintegris.com\/en\/legal-notice\/#breadcrumb\",\"itemListElement\":[{\"@type\":\"ListItem\",\"position\":1,\"name\":\"Portada\",\"item\":\"https:\/\/vintegris.com\/en\/\"},{\"@type\":\"ListItem\",\"position\":2,\"name\":\"Legal notice\"}]},{\"@type\":\"WebSite\",\"@id\":\"https:\/\/vintegris.com\/en\/#website\",\"url\":\"https:\/\/vintegris.com\/en\/\",\"name\":\"vintegris\",\"description\":\"\",\"potentialAction\":[{\"@type\":\"SearchAction\",\"target\":{\"@type\":\"EntryPoint\",\"urlTemplate\":\"https:\/\/vintegris.com\/en\/?s={search_term_string}\"},\"query-input\":{\"@type\":\"PropertyValueSpecification\",\"valueRequired\":true,\"valueName\":\"search_term_string\"}}],\"inLanguage\":\"en-US\"}]}<\/script>\n<!-- \/ Yoast SEO plugin. -->","yoast_head_json":{"title":"Legal notice - vintegris","robots":{"index":"index","follow":"follow","max-snippet":"max-snippet:-1","max-image-preview":"max-image-preview:large","max-video-preview":"max-video-preview:-1"},"canonical":"https:\/\/vintegris.com\/en\/legal-notice\/","og_locale":"en_US","og_type":"article","og_title":"Legal notice - vintegris","og_description":"Legal Notice vintegris.com is a website under the responsibility of VINTEGRIS, SL In compliance with Article 10 of Law 34\/2002, of July 11, on Information Society Services and Electronic Commerce, we inform you that VINTEGRIS, SL, with registered office at Carrer Pallars, 99, 08018, Floor 3, Office 33, Barcelona, Spain and at Calle Isabel Colbrand, [&hellip;]","og_url":"https:\/\/vintegris.com\/en\/legal-notice\/","og_site_name":"vintegris","article_modified_time":"2025-12-10T10:11:38+00:00","twitter_card":"summary_large_image","twitter_misc":{"Est. reading time":"5 minutes"},"schema":{"@context":"https:\/\/schema.org","@graph":[{"@type":"WebPage","@id":"https:\/\/vintegris.com\/en\/legal-notice\/","url":"https:\/\/vintegris.com\/en\/legal-notice\/","name":"Legal notice - vintegris","isPartOf":{"@id":"https:\/\/vintegris.com\/en\/#website"},"datePublished":"2025-11-08T15:23:53+00:00","dateModified":"2025-12-10T10:11:38+00:00","breadcrumb":{"@id":"https:\/\/vintegris.com\/en\/legal-notice\/#breadcrumb"},"inLanguage":"en-US","potentialAction":[{"@type":"ReadAction","target":["https:\/\/vintegris.com\/en\/legal-notice\/"]}]},{"@type":"BreadcrumbList","@id":"https:\/\/vintegris.com\/en\/legal-notice\/#breadcrumb","itemListElement":[{"@type":"ListItem","position":1,"name":"Portada","item":"https:\/\/vintegris.com\/en\/"},{"@type":"ListItem","position":2,"name":"Legal notice"}]},{"@type":"WebSite","@id":"https:\/\/vintegris.com\/en\/#website","url":"https:\/\/vintegris.com\/en\/","name":"vintegris","description":"","potentialAction":[{"@type":"SearchAction","target":{"@type":"EntryPoint","urlTemplate":"https:\/\/vintegris.com\/en\/?s={search_term_string}"},"query-input":{"@type":"PropertyValueSpecification","valueRequired":true,"valueName":"search_term_string"}}],"inLanguage":"en-US"}]}},"_links":{"self":[{"href":"https:\/\/vintegris.com\/en\/wp-json\/wp\/v2\/pages\/44318","targetHints":{"allow":["GET"]}}],"collection":[{"href":"https:\/\/vintegris.com\/en\/wp-json\/wp\/v2\/pages"}],"about":[{"href":"https:\/\/vintegris.com\/en\/wp-json\/wp\/v2\/types\/page"}],"author":[{"embeddable":true,"href":"https:\/\/vintegris.com\/en\/wp-json\/wp\/v2\/users\/5"}],"replies":[{"embeddable":true,"href":"https:\/\/vintegris.com\/en\/wp-json\/wp\/v2\/comments?post=44318"}],"version-history":[{"count":2,"href":"https:\/\/vintegris.com\/en\/wp-json\/wp\/v2\/pages\/44318\/revisions"}],"predecessor-version":[{"id":44320,"href":"https:\/\/vintegris.com\/en\/wp-json\/wp\/v2\/pages\/44318\/revisions\/44320"}],"wp:attachment":[{"href":"https:\/\/vintegris.com\/en\/wp-json\/wp\/v2\/media?parent=44318"}],"curies":[{"name":"wp","href":"https:\/\/api.w.org\/{rel}","templated":true}]}}