{"id":44303,"date":"2025-11-08T16:33:17","date_gmt":"2025-11-08T15:33:17","guid":{"rendered":"https:\/\/vintegris.com\/politica-de-gestio-de-la-qualitat-de-vintegris\/"},"modified":"2025-12-10T11:11:01","modified_gmt":"2025-12-10T10:11:01","slug":"politica-de-gestio-de-la-qualitat-de-vintegris","status":"publish","type":"page","link":"https:\/\/vintegris.com\/ca\/politica-de-gestio-de-la-qualitat-de-vintegris\/","title":{"rendered":"Pol\u00edtica de gesti\u00f3 de la qualitat de Vintegris"},"content":{"rendered":"\t\t<div data-elementor-type=\"wp-page\" data-elementor-id=\"44303\" class=\"elementor elementor-44303 elementor-1677\" data-elementor-post-type=\"page\">\n\t\t\t\t<div class=\"elementor-element elementor-element-c81cee1 e-flex e-con-boxed e-con e-parent\" data-id=\"c81cee1\" data-element_type=\"container\" data-e-type=\"container\" data-settings=\"{&quot;jet_parallax_layout_list&quot;:[]}\">\n\t\t\t\t\t<div class=\"e-con-inner\">\n\t\t\t\t<div class=\"elementor-element elementor-element-f32d96a elementor-widget elementor-widget-heading\" data-id=\"f32d96a\" data-element_type=\"widget\" data-e-type=\"widget\" data-widget_type=\"heading.default\">\n\t\t\t\t\t<h1 class=\"elementor-heading-title elementor-size-default\">Pol\u00edtica de gesti\u00f3 de la qualitat de Vintegris<\/h1>\t\t\t\t<\/div>\n\t\t\t\t\t<\/div>\n\t\t\t\t<\/div>\n\t\t<div class=\"elementor-element elementor-element-c99296c e-flex e-con-boxed e-con e-parent\" data-id=\"c99296c\" data-element_type=\"container\" data-e-type=\"container\" data-settings=\"{&quot;background_background&quot;:&quot;classic&quot;,&quot;jet_parallax_layout_list&quot;:[]}\">\n\t\t\t\t\t<div class=\"e-con-inner\">\n\t\t\t\t<div class=\"elementor-element elementor-element-5163512 elementor-widget__width-initial elementor-widget elementor-widget-text-editor\" data-id=\"5163512\" data-element_type=\"widget\" data-e-type=\"widget\" data-widget_type=\"text-editor.default\">\n\t\t\t\t\t\t\t\t\t<p>L&#8217;Organitzaci\u00f3 vol assegurar l&#8217;assoliment dels objectius de l&#8217;empresa mitjan\u00e7ant la plena adhesi\u00f3, per part de tots els empleats, als principis identificats al Sistema de Gesti\u00f3 de la Qualitat, als requisits de les normes UNE EN ISO 9001 i als requisits legislatius, normatius i reglamentaris.<br> La Direcci\u00f3 estableix aquesta Pol\u00edtica de Gesti\u00f3 de la Qualitat inspirada en els principis i compromisos seg\u00fcents:<\/p><ul role=\"list\"><li>Identificar les necessitats reals del Client proposant uns productes i serveis que serveixin per satisfer les necessitats del client, i promoure el grau de fiabilitat del servei ofert en termes de Qualitat, Seguretat de la Informaci\u00f3 i Continu\u00eftat del Negoci;<\/li><li>Proposar les solucions m\u00e9s adequades per millorar el rendiment dels productes i serveis i mantenir-los constantment actualitzats, de manera que l&#8217;operaci\u00f3 del sistema de gesti\u00f3 garanteixi la satisfacci\u00f3 plena i el compliment dels requisits de gesti\u00f3 de la qualitat exigits per la norma de refer\u00e8ncia i per les lleis vigents i vinculants en general;<\/li><li>Donar suport i atendre el client perqu\u00e8 es respectin els requisits del producte, tant espec\u00edfics com vinculants, i satisfer l&#8217;usuari final;<\/li><li>assegurar la disponibilitat dels serveis i la resoluci\u00f3 plenament satisfact\u00f2ria de les possibles incid\u00e8ncies que puguin amena\u00e7ar el servei tant en termes de qualitat, continu\u00eftat de negoci i seguretat de la informaci\u00f3;<\/li><li>Garantir el rigor absolut en la identificaci\u00f3 de possibles amenaces i vulnerabilitats que puguin afectar la qualitat del servei, fent una vigil\u00e0ncia cont\u00ednua a trav\u00e9s de les auditories internes i la revisi\u00f3 de l&#8217;exercici;<\/li><li>Posar en pr\u00e0ctica una gesti\u00f3 sistem\u00e0tica dels riscos i les oportunitats;<\/li><li>Promoure el compliment dels procediments, les instruccions, les pol\u00edtiques i les directives de l&#8217;empresa per tal de garantir el ple exercici del sistema de gesti\u00f3 i el compliment de les normes, les lleis, els reglaments i les directives, aix\u00ed com les obligacions contractuals relatives a la prestaci\u00f3 dels serveis;<\/li><li>Proporcionar un est\u00e0ndard d&#8217;alta qualitat amb valor afegit;<\/li><li>Procurar per la conscienciaci\u00f3 i formaci\u00f3 continuada de tot el personal;<\/li><li>Establir un proc\u00e9s de revisi\u00f3 i millora cont\u00ednua dels processos i la gesti\u00f3 de la qualitat;<\/li><li>Aconseguir la plena satisfacci\u00f3 del client.<\/li><\/ul><p>La direcci\u00f3 i els empleats de V\u00edntegris, abra\u00e7ant plenament la filosofia de l&#8217;empresa, es van fixar com a objectiu addicional la manifestaci\u00f3 plena d&#8217;aquests principis a les empreses clients ia la comunitat en general.<br> <strong>A Barcelona, \u200b\u200b22 de gener de 2024 Conseller Delegat de Vintegris.<\/strong><br><br><\/p>\t\t\t\t\t\t\t\t<\/div>\n\t\t\t\t\t<\/div>\n\t\t\t\t<\/div>\n\t\t<div class=\"elementor-element elementor-element-7224eaa e-con-full e-flex e-con e-parent\" data-id=\"7224eaa\" data-element_type=\"container\" data-e-type=\"container\" data-settings=\"{&quot;jet_parallax_layout_list&quot;:[]}\">\n\t\t\t\t<div class=\"elementor-element elementor-element-7d7dce5 elementor-widget elementor-widget-template\" data-id=\"7d7dce5\" data-element_type=\"widget\" data-e-type=\"widget\" data-widget_type=\"template.default\">\n\t\t\t\t<div class=\"elementor-widget-container\">\n\t\t\t\t\t\t\t<div class=\"elementor-template\">\n\t\t\t\t\t<div data-elementor-type=\"container\" data-elementor-id=\"44654\" class=\"elementor elementor-44654 elementor-521\" data-elementor-post-type=\"elementor_library\">\n\t\t\t\t<div class=\"elementor-element elementor-element-3e4d9ad0 e-flex e-con-boxed e-con e-parent\" data-id=\"3e4d9ad0\" data-element_type=\"container\" data-e-type=\"container\" data-settings=\"{&quot;background_background&quot;:&quot;classic&quot;,&quot;jet_parallax_layout_list&quot;:[]}\">\n\t\t\t\t\t<div class=\"e-con-inner\">\n\t\t<div class=\"elementor-element elementor-element-43bfa597 e-con-full e-flex e-con e-child\" data-id=\"43bfa597\" data-element_type=\"container\" data-e-type=\"container\" data-settings=\"{&quot;jet_parallax_layout_list&quot;:[]}\">\n\t\t\t\t<div class=\"elementor-element elementor-element-3b6eadf elementor-widget elementor-widget-html\" data-id=\"3b6eadf\" data-element_type=\"widget\" data-e-type=\"widget\" data-widget_type=\"html.default\">\n\t\t\t\t\t<script charset=\"utf-8\" type=\"text\/javascript\" src=\"\/\/js-eu1.hsforms.net\/forms\/embed\/v2.js\"><\/script>\r\n<script>\r\n  hbspt.forms.create({\r\n    portalId: \"143553883\",\r\n    formId: \"ed5f8125-b711-4339-8418-bb01990d6f3b\",\r\n    region: \"eu1\"\r\n  });\r\n<\/script>\t\t\t\t<\/div>\n\t\t\t\t<\/div>\n\t\t<div class=\"elementor-element elementor-element-468278d8 e-con-full e-flex e-con e-child\" data-id=\"468278d8\" data-element_type=\"container\" data-e-type=\"container\" data-settings=\"{&quot;jet_parallax_layout_list&quot;:[]}\">\n\t\t\t\t<div class=\"elementor-element elementor-element-251349f1 elementor-widget elementor-widget-heading\" data-id=\"251349f1\" data-element_type=\"widget\" data-e-type=\"widget\" data-widget_type=\"heading.default\">\n\t\t\t\t\t<h3 class=\"elementor-heading-title elementor-size-default\">Estigues al dia amb les nostres novetats.<\/h3>\t\t\t\t<\/div>\n\t\t\t\t<div class=\"elementor-element elementor-element-f258e06 elementor-widget elementor-widget-text-editor\" data-id=\"f258e06\" data-element_type=\"widget\" data-e-type=\"widget\" data-widget_type=\"text-editor.default\">\n\t\t\t\t\t\t\t\t\t<p>Subscriu-te a la nostra newsletter i descobreix les darreres actualitzacions en ciberseguretat, identitat digital i solucions empresarials de confian\u00e7a.<\/p>\t\t\t\t\t\t\t\t<\/div>\n\t\t\t\t<\/div>\n\t\t\t\t\t<\/div>\n\t\t\t\t<\/div>\n\t\t\t\t<\/div>\n\t\t\t\t<\/div>\n\t\t\t\t\t\t<\/div>\n\t\t\t\t<\/div>\n\t\t\t\t<\/div>\n\t\t\t\t<\/div>\n\t\t","protected":false},"excerpt":{"rendered":"<p>L&#8217;Organitzaci\u00f3 vol assegurar l&#8217;assoliment dels objectius de l&#8217;empresa mitjan\u00e7ant la plena adhesi\u00f3, per part de tots els empleats, als principis identificats al Sistema de Gesti\u00f3 de la Qualitat, als requisits de les normes UNE EN ISO 9001 i als requisits legislatius, normatius i reglamentaris. La Direcci\u00f3 estableix aquesta Pol\u00edtica de Gesti\u00f3 de la Qualitat inspirada [&hellip;]<\/p>\n","protected":false},"author":5,"featured_media":0,"parent":0,"menu_order":0,"comment_status":"closed","ping_status":"closed","template":"","meta":{"content-type":"","footnotes":""},"class_list":["post-44303","page","type-page","status-publish","hentry"],"yoast_head":"<!-- This site is optimized with the Yoast SEO plugin v27.2 - https:\/\/yoast.com\/product\/yoast-seo-wordpress\/ -->\n<title>Pol\u00edtica de gesti\u00f3 de la qualitat de Vintegris - vintegris<\/title>\n<meta name=\"robots\" content=\"index, follow, max-snippet:-1, max-image-preview:large, max-video-preview:-1\" \/>\n<link rel=\"canonical\" href=\"https:\/\/vintegris.com\/ca\/politica-de-gestio-de-la-qualitat-de-vintegris\/\" \/>\n<meta property=\"og:locale\" content=\"ca_ES\" \/>\n<meta property=\"og:type\" content=\"article\" \/>\n<meta property=\"og:title\" content=\"Pol\u00edtica de gesti\u00f3 de la qualitat de Vintegris - vintegris\" \/>\n<meta property=\"og:description\" content=\"L&#8217;Organitzaci\u00f3 vol assegurar l&#8217;assoliment dels objectius de l&#8217;empresa mitjan\u00e7ant la plena adhesi\u00f3, per part de tots els empleats, als principis identificats al Sistema de Gesti\u00f3 de la Qualitat, als requisits de les normes UNE EN ISO 9001 i als requisits legislatius, normatius i reglamentaris. La Direcci\u00f3 estableix aquesta Pol\u00edtica de Gesti\u00f3 de la Qualitat inspirada [&hellip;]\" \/>\n<meta property=\"og:url\" content=\"https:\/\/vintegris.com\/ca\/politica-de-gestio-de-la-qualitat-de-vintegris\/\" \/>\n<meta property=\"og:site_name\" content=\"vintegris\" \/>\n<meta property=\"article:modified_time\" content=\"2025-12-10T10:11:01+00:00\" \/>\n<meta name=\"twitter:card\" content=\"summary_large_image\" \/>\n<meta name=\"twitter:label1\" content=\"Temps estimat de lectura\" \/>\n\t<meta name=\"twitter:data1\" content=\"2 minuts\" \/>\n<script type=\"application\/ld+json\" class=\"yoast-schema-graph\">{\"@context\":\"https:\/\/schema.org\",\"@graph\":[{\"@type\":\"WebPage\",\"@id\":\"https:\/\/vintegris.com\/ca\/politica-de-gestio-de-la-qualitat-de-vintegris\/\",\"url\":\"https:\/\/vintegris.com\/ca\/politica-de-gestio-de-la-qualitat-de-vintegris\/\",\"name\":\"Pol\u00edtica de gesti\u00f3 de la qualitat de Vintegris - vintegris\",\"isPartOf\":{\"@id\":\"https:\/\/vintegris.com\/ca\/#website\"},\"datePublished\":\"2025-11-08T15:33:17+00:00\",\"dateModified\":\"2025-12-10T10:11:01+00:00\",\"breadcrumb\":{\"@id\":\"https:\/\/vintegris.com\/ca\/politica-de-gestio-de-la-qualitat-de-vintegris\/#breadcrumb\"},\"inLanguage\":\"ca\",\"potentialAction\":[{\"@type\":\"ReadAction\",\"target\":[\"https:\/\/vintegris.com\/ca\/politica-de-gestio-de-la-qualitat-de-vintegris\/\"]}]},{\"@type\":\"BreadcrumbList\",\"@id\":\"https:\/\/vintegris.com\/ca\/politica-de-gestio-de-la-qualitat-de-vintegris\/#breadcrumb\",\"itemListElement\":[{\"@type\":\"ListItem\",\"position\":1,\"name\":\"Portada\",\"item\":\"https:\/\/vintegris.com\/ca\/\"},{\"@type\":\"ListItem\",\"position\":2,\"name\":\"Pol\u00edtica de gesti\u00f3 de la qualitat de Vintegris\"}]},{\"@type\":\"WebSite\",\"@id\":\"https:\/\/vintegris.com\/ca\/#website\",\"url\":\"https:\/\/vintegris.com\/ca\/\",\"name\":\"vintegris\",\"description\":\"\",\"potentialAction\":[{\"@type\":\"SearchAction\",\"target\":{\"@type\":\"EntryPoint\",\"urlTemplate\":\"https:\/\/vintegris.com\/ca\/?s={search_term_string}\"},\"query-input\":{\"@type\":\"PropertyValueSpecification\",\"valueRequired\":true,\"valueName\":\"search_term_string\"}}],\"inLanguage\":\"ca\"}]}<\/script>\n<!-- \/ Yoast SEO plugin. -->","yoast_head_json":{"title":"Pol\u00edtica de gesti\u00f3 de la qualitat de Vintegris - vintegris","robots":{"index":"index","follow":"follow","max-snippet":"max-snippet:-1","max-image-preview":"max-image-preview:large","max-video-preview":"max-video-preview:-1"},"canonical":"https:\/\/vintegris.com\/ca\/politica-de-gestio-de-la-qualitat-de-vintegris\/","og_locale":"ca_ES","og_type":"article","og_title":"Pol\u00edtica de gesti\u00f3 de la qualitat de Vintegris - vintegris","og_description":"L&#8217;Organitzaci\u00f3 vol assegurar l&#8217;assoliment dels objectius de l&#8217;empresa mitjan\u00e7ant la plena adhesi\u00f3, per part de tots els empleats, als principis identificats al Sistema de Gesti\u00f3 de la Qualitat, als requisits de les normes UNE EN ISO 9001 i als requisits legislatius, normatius i reglamentaris. La Direcci\u00f3 estableix aquesta Pol\u00edtica de Gesti\u00f3 de la Qualitat inspirada [&hellip;]","og_url":"https:\/\/vintegris.com\/ca\/politica-de-gestio-de-la-qualitat-de-vintegris\/","og_site_name":"vintegris","article_modified_time":"2025-12-10T10:11:01+00:00","twitter_card":"summary_large_image","twitter_misc":{"Temps estimat de lectura":"2 minuts"},"schema":{"@context":"https:\/\/schema.org","@graph":[{"@type":"WebPage","@id":"https:\/\/vintegris.com\/ca\/politica-de-gestio-de-la-qualitat-de-vintegris\/","url":"https:\/\/vintegris.com\/ca\/politica-de-gestio-de-la-qualitat-de-vintegris\/","name":"Pol\u00edtica de gesti\u00f3 de la qualitat de Vintegris - vintegris","isPartOf":{"@id":"https:\/\/vintegris.com\/ca\/#website"},"datePublished":"2025-11-08T15:33:17+00:00","dateModified":"2025-12-10T10:11:01+00:00","breadcrumb":{"@id":"https:\/\/vintegris.com\/ca\/politica-de-gestio-de-la-qualitat-de-vintegris\/#breadcrumb"},"inLanguage":"ca","potentialAction":[{"@type":"ReadAction","target":["https:\/\/vintegris.com\/ca\/politica-de-gestio-de-la-qualitat-de-vintegris\/"]}]},{"@type":"BreadcrumbList","@id":"https:\/\/vintegris.com\/ca\/politica-de-gestio-de-la-qualitat-de-vintegris\/#breadcrumb","itemListElement":[{"@type":"ListItem","position":1,"name":"Portada","item":"https:\/\/vintegris.com\/ca\/"},{"@type":"ListItem","position":2,"name":"Pol\u00edtica de gesti\u00f3 de la qualitat de Vintegris"}]},{"@type":"WebSite","@id":"https:\/\/vintegris.com\/ca\/#website","url":"https:\/\/vintegris.com\/ca\/","name":"vintegris","description":"","potentialAction":[{"@type":"SearchAction","target":{"@type":"EntryPoint","urlTemplate":"https:\/\/vintegris.com\/ca\/?s={search_term_string}"},"query-input":{"@type":"PropertyValueSpecification","valueRequired":true,"valueName":"search_term_string"}}],"inLanguage":"ca"}]}},"_links":{"self":[{"href":"https:\/\/vintegris.com\/ca\/wp-json\/wp\/v2\/pages\/44303","targetHints":{"allow":["GET"]}}],"collection":[{"href":"https:\/\/vintegris.com\/ca\/wp-json\/wp\/v2\/pages"}],"about":[{"href":"https:\/\/vintegris.com\/ca\/wp-json\/wp\/v2\/types\/page"}],"author":[{"embeddable":true,"href":"https:\/\/vintegris.com\/ca\/wp-json\/wp\/v2\/users\/5"}],"replies":[{"embeddable":true,"href":"https:\/\/vintegris.com\/ca\/wp-json\/wp\/v2\/comments?post=44303"}],"version-history":[{"count":2,"href":"https:\/\/vintegris.com\/ca\/wp-json\/wp\/v2\/pages\/44303\/revisions"}],"predecessor-version":[{"id":44306,"href":"https:\/\/vintegris.com\/ca\/wp-json\/wp\/v2\/pages\/44303\/revisions\/44306"}],"wp:attachment":[{"href":"https:\/\/vintegris.com\/ca\/wp-json\/wp\/v2\/media?parent=44303"}],"curies":[{"name":"wp","href":"https:\/\/api.w.org\/{rel}","templated":true}]}}