{"id":44300,"date":"2025-11-08T20:48:04","date_gmt":"2025-11-08T19:48:04","guid":{"rendered":"https:\/\/vintegris.com\/politica-de-seguretat-de-la-informacio-i-proteccio-de-la-privadesa-de-vintegris\/"},"modified":"2025-12-10T11:10:59","modified_gmt":"2025-12-10T10:10:59","slug":"politica-de-seguretat-de-la-informacio-i-proteccio-de-la-privadesa-de-vintegris","status":"publish","type":"page","link":"https:\/\/vintegris.com\/ca\/politica-de-seguretat-de-la-informacio-i-proteccio-de-la-privadesa-de-vintegris\/","title":{"rendered":"Pol\u00edtica de Seguretat de la Informaci\u00f3 i Protecci\u00f3 de la Privadesa de V\u00edntegris"},"content":{"rendered":"\t\t<div data-elementor-type=\"wp-page\" data-elementor-id=\"44300\" class=\"elementor elementor-44300 elementor-1688\" data-elementor-post-type=\"page\">\n\t\t\t\t<div class=\"elementor-element elementor-element-580f860 e-flex e-con-boxed e-con e-parent\" data-id=\"580f860\" data-element_type=\"container\" data-e-type=\"container\" data-settings=\"{&quot;jet_parallax_layout_list&quot;:[]}\">\n\t\t\t\t\t<div class=\"e-con-inner\">\n\t\t\t\t<div class=\"elementor-element elementor-element-6853ea6 elementor-widget__width-initial elementor-widget-mobile__width-inherit elementor-widget elementor-widget-heading\" data-id=\"6853ea6\" data-element_type=\"widget\" data-e-type=\"widget\" data-widget_type=\"heading.default\">\n\t\t\t\t\t<h1 class=\"elementor-heading-title elementor-size-default\">Pol\u00edtica de Seguretat de la Informaci\u00f3 i Protecci\u00f3 de la Privadesa de V\u00edntegris<\/h1>\t\t\t\t<\/div>\n\t\t\t\t\t<\/div>\n\t\t\t\t<\/div>\n\t\t<div class=\"elementor-element elementor-element-4cbdafa e-flex e-con-boxed e-con e-parent\" data-id=\"4cbdafa\" data-element_type=\"container\" data-e-type=\"container\" data-settings=\"{&quot;jet_parallax_layout_list&quot;:[]}\">\n\t\t\t\t\t<div class=\"e-con-inner\">\n\t\t\t\t<div class=\"elementor-element elementor-element-c44262e elementor-widget elementor-widget-text-editor\" data-id=\"c44262e\" data-element_type=\"widget\" data-e-type=\"widget\" data-widget_type=\"text-editor.default\">\n\t\t\t\t\t\t\t\t\t<p>La Direcci\u00f3 de <b>Vintegris<\/b> \u00e9s conscient que la informaci\u00f3, dades personals dels nostres usuaris i clients, i el coneixement de l&#8217;organitzaci\u00f3 s\u00f3n actius molt importants per a l&#8217;organitzaci\u00f3 i, per aix\u00f2, requereixen una protecci\u00f3 adequada.<\/p>\n<p>Amb l&#8217;objectiu de respondre a la confian\u00e7a que ens atorguen els nostres clients i assegurar la qualitat dels serveis oferts, Vintegris ha implantat un Sistema de Gesti\u00f3 de Seguretat de la Informaci\u00f3 i de la Informaci\u00f3 de Privadesa destinat a dur a terme una gesti\u00f3 efectiva dels riscos a qu\u00e8 estan exposats i, amb aix\u00f2, garantir un adequat control intern dels mateixos, minimitzar els possibles danys que es puguin danyar.<\/p>\n<p>Amb aquesta Pol\u00edtica, la Direcci\u00f3 de Vintegris es compromet a preservar la integritat, la disponibilitat i la confidencialitat dels actius d&#8217;informaci\u00f3, aix\u00ed com la tra\u00e7abilitat i l&#8217;autenticitat necess\u00e0ries. Aix\u00ed mateix, aquesta Pol\u00edtica proporciona el marc de refer\u00e8ncia per al nostre Sistema de Gesti\u00f3 de Seguretat de la Informaci\u00f3 i de la Informaci\u00f3 de <b>Privadesa que ens ha de permetre:<\/b> <\/p>\n<ul role=\"list\">\n<li>Establir els objectius i les responsabilitats necess\u00e0ries.<\/li>\n<li>La integraci\u00f3 de la Seguretat d&#8217;Informaci\u00f3 i la Protecci\u00f3 de la Privadesa en tots els processos i serveis de l&#8217;organitzaci\u00f3.<\/li>\n<li>La implantaci\u00f3 de controls i mesures necess\u00e0ries per minimitzar els riscos per a la seguretat de la informaci\u00f3 i la informaci\u00f3 de privadesa.<\/li>\n<li>La preservaci\u00f3 del coneixement i la propietat intel\u00b7lectual de la companyia.<\/li>\n<li>El compliment dels requisits de negoci, contractuals, legals i normatius.<\/li>\n<li>L&#8217;aplicaci\u00f3 de les directrius, normes i procediments que s&#8217;estableixin oportunament.<\/li>\n<li>La conscienciaci\u00f3 i formaci\u00f3 continuada de tot el personal.<\/li>\n<li>La resoluci\u00f3 plenament satisfact\u00f2ria de les incid\u00e8ncies i laprenentatge daquestes.<\/li>\n<li>Un proc\u00e9s de revisi\u00f3 i millora continua.<br><br><\/li>\n<\/ul>\n<p>L&#8217;\u00e0mbit de la present Pol\u00edtica inclou tots els empleats de <b>Vintegris<\/b> , tot el personal subcontractat per Vintegris i totes les empreses externes col\u00b7laboradores que accedeixen a la Informaci\u00f3 de Vintegris, aix\u00ed com els sistemes d&#8217;informaci\u00f3 que donen suport als processos de negoci i els serveis prestats.<\/p>\n<p>Sigui quin sigui el lloc de treball i les funcions de cada empleat de V\u00edntegris, tots som plenament responsables de la seva aplicaci\u00f3 al nostre \u00e0mbit d&#8217;acci\u00f3, assegurant aix\u00ed la seva efic\u00e0cia, la millora cont\u00ednua i la satisfacci\u00f3 de clients i usuaris externs i interns.<\/p>\n<p>Aquesta Pol\u00edtica de Seguretat de la Informaci\u00f3 i Protecci\u00f3 de la Privadesa \u00e9s difosa, entesa, implantada i actualitzada a tots els nivells de la companyia, aix\u00ed com posada a disposici\u00f3 del p\u00fablic en general.<\/p>\n<p>A Barcelona, \u200b\u200b28 de febrer de 2024 Matthew Walsh, Conseller Delegat de Vintegris.<\/p>\t\t\t\t\t\t\t\t<\/div>\n\t\t\t\t\t<\/div>\n\t\t\t\t<\/div>\n\t\t<div class=\"elementor-element elementor-element-c597187 e-con-full e-flex e-con e-parent\" data-id=\"c597187\" data-element_type=\"container\" data-e-type=\"container\" data-settings=\"{&quot;jet_parallax_layout_list&quot;:[]}\">\n\t\t\t\t<div class=\"elementor-element elementor-element-7e57ec4 elementor-widget elementor-widget-template\" data-id=\"7e57ec4\" data-element_type=\"widget\" data-e-type=\"widget\" data-widget_type=\"template.default\">\n\t\t\t\t<div class=\"elementor-widget-container\">\n\t\t\t\t\t\t\t<div class=\"elementor-template\">\n\t\t\t\t\t<div data-elementor-type=\"container\" data-elementor-id=\"44654\" class=\"elementor elementor-44654 elementor-521\" data-elementor-post-type=\"elementor_library\">\n\t\t\t\t<div class=\"elementor-element elementor-element-3e4d9ad0 e-flex e-con-boxed e-con e-parent\" data-id=\"3e4d9ad0\" data-element_type=\"container\" data-e-type=\"container\" data-settings=\"{&quot;background_background&quot;:&quot;classic&quot;,&quot;jet_parallax_layout_list&quot;:[]}\">\n\t\t\t\t\t<div class=\"e-con-inner\">\n\t\t<div class=\"elementor-element elementor-element-43bfa597 e-con-full e-flex e-con e-child\" data-id=\"43bfa597\" data-element_type=\"container\" data-e-type=\"container\" data-settings=\"{&quot;jet_parallax_layout_list&quot;:[]}\">\n\t\t\t\t<div class=\"elementor-element elementor-element-3b6eadf elementor-widget elementor-widget-html\" data-id=\"3b6eadf\" data-element_type=\"widget\" data-e-type=\"widget\" data-widget_type=\"html.default\">\n\t\t\t\t\t<script charset=\"utf-8\" type=\"text\/javascript\" src=\"\/\/js-eu1.hsforms.net\/forms\/embed\/v2.js\"><\/script>\r\n<script>\r\n  hbspt.forms.create({\r\n    portalId: \"143553883\",\r\n    formId: \"ed5f8125-b711-4339-8418-bb01990d6f3b\",\r\n    region: \"eu1\"\r\n  });\r\n<\/script>\t\t\t\t<\/div>\n\t\t\t\t<\/div>\n\t\t<div class=\"elementor-element elementor-element-468278d8 e-con-full e-flex e-con e-child\" data-id=\"468278d8\" data-element_type=\"container\" data-e-type=\"container\" data-settings=\"{&quot;jet_parallax_layout_list&quot;:[]}\">\n\t\t\t\t<div class=\"elementor-element elementor-element-251349f1 elementor-widget elementor-widget-heading\" data-id=\"251349f1\" data-element_type=\"widget\" data-e-type=\"widget\" data-widget_type=\"heading.default\">\n\t\t\t\t\t<h3 class=\"elementor-heading-title elementor-size-default\">Estigues al dia amb les nostres novetats.<\/h3>\t\t\t\t<\/div>\n\t\t\t\t<div class=\"elementor-element elementor-element-f258e06 elementor-widget elementor-widget-text-editor\" data-id=\"f258e06\" data-element_type=\"widget\" data-e-type=\"widget\" data-widget_type=\"text-editor.default\">\n\t\t\t\t\t\t\t\t\t<p>Subscriu-te a la nostra newsletter i descobreix les darreres actualitzacions en ciberseguretat, identitat digital i solucions empresarials de confian\u00e7a.<\/p>\t\t\t\t\t\t\t\t<\/div>\n\t\t\t\t<\/div>\n\t\t\t\t\t<\/div>\n\t\t\t\t<\/div>\n\t\t\t\t<\/div>\n\t\t\t\t<\/div>\n\t\t\t\t\t\t<\/div>\n\t\t\t\t<\/div>\n\t\t\t\t<\/div>\n\t\t\t\t<\/div>\n\t\t","protected":false},"excerpt":{"rendered":"<p>La Direcci\u00f3 de Vintegris \u00e9s conscient que la informaci\u00f3, dades personals dels nostres usuaris i clients, i el coneixement de l&#8217;organitzaci\u00f3 s\u00f3n actius molt importants per a l&#8217;organitzaci\u00f3 i, per aix\u00f2, requereixen una protecci\u00f3 adequada. Amb l&#8217;objectiu de respondre a la confian\u00e7a que ens atorguen els nostres clients i assegurar la qualitat dels serveis oferts, [&hellip;]<\/p>\n","protected":false},"author":5,"featured_media":0,"parent":0,"menu_order":0,"comment_status":"closed","ping_status":"closed","template":"","meta":{"content-type":"","footnotes":""},"class_list":["post-44300","page","type-page","status-publish","hentry"],"yoast_head":"<!-- This site is optimized with the Yoast SEO plugin v27.2 - https:\/\/yoast.com\/product\/yoast-seo-wordpress\/ -->\n<title>Pol\u00edtica de Seguretat de la Informaci\u00f3 i Protecci\u00f3 de la Privadesa de V\u00edntegris - vintegris<\/title>\n<meta name=\"robots\" content=\"index, follow, max-snippet:-1, max-image-preview:large, max-video-preview:-1\" \/>\n<link rel=\"canonical\" href=\"https:\/\/vintegris.com\/ca\/politica-de-seguretat-de-la-informacio-i-proteccio-de-la-privadesa-de-vintegris\/\" \/>\n<meta property=\"og:locale\" content=\"ca_ES\" \/>\n<meta property=\"og:type\" content=\"article\" \/>\n<meta property=\"og:title\" content=\"Pol\u00edtica de Seguretat de la Informaci\u00f3 i Protecci\u00f3 de la Privadesa de V\u00edntegris - vintegris\" \/>\n<meta property=\"og:description\" content=\"La Direcci\u00f3 de Vintegris \u00e9s conscient que la informaci\u00f3, dades personals dels nostres usuaris i clients, i el coneixement de l&#8217;organitzaci\u00f3 s\u00f3n actius molt importants per a l&#8217;organitzaci\u00f3 i, per aix\u00f2, requereixen una protecci\u00f3 adequada. Amb l&#8217;objectiu de respondre a la confian\u00e7a que ens atorguen els nostres clients i assegurar la qualitat dels serveis oferts, [&hellip;]\" \/>\n<meta property=\"og:url\" content=\"https:\/\/vintegris.com\/ca\/politica-de-seguretat-de-la-informacio-i-proteccio-de-la-privadesa-de-vintegris\/\" \/>\n<meta property=\"og:site_name\" content=\"vintegris\" \/>\n<meta property=\"article:modified_time\" content=\"2025-12-10T10:10:59+00:00\" \/>\n<meta name=\"twitter:card\" content=\"summary_large_image\" \/>\n<meta name=\"twitter:label1\" content=\"Temps estimat de lectura\" \/>\n\t<meta name=\"twitter:data1\" content=\"2 minuts\" \/>\n<script type=\"application\/ld+json\" class=\"yoast-schema-graph\">{\"@context\":\"https:\/\/schema.org\",\"@graph\":[{\"@type\":\"WebPage\",\"@id\":\"https:\/\/vintegris.com\/ca\/politica-de-seguretat-de-la-informacio-i-proteccio-de-la-privadesa-de-vintegris\/\",\"url\":\"https:\/\/vintegris.com\/ca\/politica-de-seguretat-de-la-informacio-i-proteccio-de-la-privadesa-de-vintegris\/\",\"name\":\"Pol\u00edtica de Seguretat de la Informaci\u00f3 i Protecci\u00f3 de la Privadesa de V\u00edntegris - vintegris\",\"isPartOf\":{\"@id\":\"https:\/\/vintegris.com\/ca\/#website\"},\"datePublished\":\"2025-11-08T19:48:04+00:00\",\"dateModified\":\"2025-12-10T10:10:59+00:00\",\"breadcrumb\":{\"@id\":\"https:\/\/vintegris.com\/ca\/politica-de-seguretat-de-la-informacio-i-proteccio-de-la-privadesa-de-vintegris\/#breadcrumb\"},\"inLanguage\":\"ca\",\"potentialAction\":[{\"@type\":\"ReadAction\",\"target\":[\"https:\/\/vintegris.com\/ca\/politica-de-seguretat-de-la-informacio-i-proteccio-de-la-privadesa-de-vintegris\/\"]}]},{\"@type\":\"BreadcrumbList\",\"@id\":\"https:\/\/vintegris.com\/ca\/politica-de-seguretat-de-la-informacio-i-proteccio-de-la-privadesa-de-vintegris\/#breadcrumb\",\"itemListElement\":[{\"@type\":\"ListItem\",\"position\":1,\"name\":\"Portada\",\"item\":\"https:\/\/vintegris.com\/ca\/\"},{\"@type\":\"ListItem\",\"position\":2,\"name\":\"Pol\u00edtica de Seguretat de la Informaci\u00f3 i Protecci\u00f3 de la Privadesa de V\u00edntegris\"}]},{\"@type\":\"WebSite\",\"@id\":\"https:\/\/vintegris.com\/ca\/#website\",\"url\":\"https:\/\/vintegris.com\/ca\/\",\"name\":\"vintegris\",\"description\":\"\",\"potentialAction\":[{\"@type\":\"SearchAction\",\"target\":{\"@type\":\"EntryPoint\",\"urlTemplate\":\"https:\/\/vintegris.com\/ca\/?s={search_term_string}\"},\"query-input\":{\"@type\":\"PropertyValueSpecification\",\"valueRequired\":true,\"valueName\":\"search_term_string\"}}],\"inLanguage\":\"ca\"}]}<\/script>\n<!-- \/ Yoast SEO plugin. -->","yoast_head_json":{"title":"Pol\u00edtica de Seguretat de la Informaci\u00f3 i Protecci\u00f3 de la Privadesa de V\u00edntegris - vintegris","robots":{"index":"index","follow":"follow","max-snippet":"max-snippet:-1","max-image-preview":"max-image-preview:large","max-video-preview":"max-video-preview:-1"},"canonical":"https:\/\/vintegris.com\/ca\/politica-de-seguretat-de-la-informacio-i-proteccio-de-la-privadesa-de-vintegris\/","og_locale":"ca_ES","og_type":"article","og_title":"Pol\u00edtica de Seguretat de la Informaci\u00f3 i Protecci\u00f3 de la Privadesa de V\u00edntegris - vintegris","og_description":"La Direcci\u00f3 de Vintegris \u00e9s conscient que la informaci\u00f3, dades personals dels nostres usuaris i clients, i el coneixement de l&#8217;organitzaci\u00f3 s\u00f3n actius molt importants per a l&#8217;organitzaci\u00f3 i, per aix\u00f2, requereixen una protecci\u00f3 adequada. Amb l&#8217;objectiu de respondre a la confian\u00e7a que ens atorguen els nostres clients i assegurar la qualitat dels serveis oferts, [&hellip;]","og_url":"https:\/\/vintegris.com\/ca\/politica-de-seguretat-de-la-informacio-i-proteccio-de-la-privadesa-de-vintegris\/","og_site_name":"vintegris","article_modified_time":"2025-12-10T10:10:59+00:00","twitter_card":"summary_large_image","twitter_misc":{"Temps estimat de lectura":"2 minuts"},"schema":{"@context":"https:\/\/schema.org","@graph":[{"@type":"WebPage","@id":"https:\/\/vintegris.com\/ca\/politica-de-seguretat-de-la-informacio-i-proteccio-de-la-privadesa-de-vintegris\/","url":"https:\/\/vintegris.com\/ca\/politica-de-seguretat-de-la-informacio-i-proteccio-de-la-privadesa-de-vintegris\/","name":"Pol\u00edtica de Seguretat de la Informaci\u00f3 i Protecci\u00f3 de la Privadesa de V\u00edntegris - vintegris","isPartOf":{"@id":"https:\/\/vintegris.com\/ca\/#website"},"datePublished":"2025-11-08T19:48:04+00:00","dateModified":"2025-12-10T10:10:59+00:00","breadcrumb":{"@id":"https:\/\/vintegris.com\/ca\/politica-de-seguretat-de-la-informacio-i-proteccio-de-la-privadesa-de-vintegris\/#breadcrumb"},"inLanguage":"ca","potentialAction":[{"@type":"ReadAction","target":["https:\/\/vintegris.com\/ca\/politica-de-seguretat-de-la-informacio-i-proteccio-de-la-privadesa-de-vintegris\/"]}]},{"@type":"BreadcrumbList","@id":"https:\/\/vintegris.com\/ca\/politica-de-seguretat-de-la-informacio-i-proteccio-de-la-privadesa-de-vintegris\/#breadcrumb","itemListElement":[{"@type":"ListItem","position":1,"name":"Portada","item":"https:\/\/vintegris.com\/ca\/"},{"@type":"ListItem","position":2,"name":"Pol\u00edtica de Seguretat de la Informaci\u00f3 i Protecci\u00f3 de la Privadesa de V\u00edntegris"}]},{"@type":"WebSite","@id":"https:\/\/vintegris.com\/ca\/#website","url":"https:\/\/vintegris.com\/ca\/","name":"vintegris","description":"","potentialAction":[{"@type":"SearchAction","target":{"@type":"EntryPoint","urlTemplate":"https:\/\/vintegris.com\/ca\/?s={search_term_string}"},"query-input":{"@type":"PropertyValueSpecification","valueRequired":true,"valueName":"search_term_string"}}],"inLanguage":"ca"}]}},"_links":{"self":[{"href":"https:\/\/vintegris.com\/ca\/wp-json\/wp\/v2\/pages\/44300","targetHints":{"allow":["GET"]}}],"collection":[{"href":"https:\/\/vintegris.com\/ca\/wp-json\/wp\/v2\/pages"}],"about":[{"href":"https:\/\/vintegris.com\/ca\/wp-json\/wp\/v2\/types\/page"}],"author":[{"embeddable":true,"href":"https:\/\/vintegris.com\/ca\/wp-json\/wp\/v2\/users\/5"}],"replies":[{"embeddable":true,"href":"https:\/\/vintegris.com\/ca\/wp-json\/wp\/v2\/comments?post=44300"}],"version-history":[{"count":2,"href":"https:\/\/vintegris.com\/ca\/wp-json\/wp\/v2\/pages\/44300\/revisions"}],"predecessor-version":[{"id":44302,"href":"https:\/\/vintegris.com\/ca\/wp-json\/wp\/v2\/pages\/44300\/revisions\/44302"}],"wp:attachment":[{"href":"https:\/\/vintegris.com\/ca\/wp-json\/wp\/v2\/media?parent=44300"}],"curies":[{"name":"wp","href":"https:\/\/api.w.org\/{rel}","templated":true}]}}