{"id":44253,"date":"2025-12-01T12:46:00","date_gmt":"2025-12-01T11:46:00","guid":{"rendered":"https:\/\/vintegris.com\/politica-de-continuitat-de-negoci-de-vintegris\/"},"modified":"2025-12-10T11:09:56","modified_gmt":"2025-12-10T10:09:56","slug":"politica-de-continuitat-de-negoci-de-vintegris","status":"publish","type":"page","link":"https:\/\/vintegris.com\/ca\/politica-de-continuitat-de-negoci-de-vintegris\/","title":{"rendered":"Pol\u00edtica de Continu\u00eftat de Negoci de Vintegris"},"content":{"rendered":"\t\t<div data-elementor-type=\"wp-page\" data-elementor-id=\"44253\" class=\"elementor elementor-44253 elementor-43830\" data-elementor-post-type=\"page\">\n\t\t\t\t<div class=\"elementor-element elementor-element-129c4f2c e-flex e-con-boxed e-con e-parent\" data-id=\"129c4f2c\" data-element_type=\"container\" data-e-type=\"container\" data-settings=\"{&quot;jet_parallax_layout_list&quot;:[]}\">\n\t\t\t\t\t<div class=\"e-con-inner\">\n\t\t\t\t<div class=\"elementor-element elementor-element-7b25dc59 elementor-widget elementor-widget-heading\" data-id=\"7b25dc59\" data-element_type=\"widget\" data-e-type=\"widget\" data-widget_type=\"heading.default\">\n\t\t\t\t\t<h1 class=\"elementor-heading-title elementor-size-default\">Pol\u00edtica de Continu\u00eftat de Negoci de Vintegris<\/h1>\t\t\t\t<\/div>\n\t\t\t\t\t<\/div>\n\t\t\t\t<\/div>\n\t\t<div class=\"elementor-element elementor-element-663e6b86 e-flex e-con-boxed e-con e-parent\" data-id=\"663e6b86\" data-element_type=\"container\" data-e-type=\"container\" data-settings=\"{&quot;background_background&quot;:&quot;classic&quot;,&quot;jet_parallax_layout_list&quot;:[]}\">\n\t\t\t\t\t<div class=\"e-con-inner\">\n\t\t<div class=\"elementor-element elementor-element-5e398652 e-con-full e-flex e-con e-child\" data-id=\"5e398652\" data-element_type=\"container\" data-e-type=\"container\" data-settings=\"{&quot;jet_parallax_layout_list&quot;:[]}\">\n\t\t<div class=\"elementor-element elementor-element-239f23fb e-con-full e-flex e-con e-child\" data-id=\"239f23fb\" data-element_type=\"container\" data-e-type=\"container\" data-settings=\"{&quot;jet_parallax_layout_list&quot;:[]}\">\n\t\t\t\t<div class=\"elementor-element elementor-element-6172f063 elementor-widget__width-initial elementor-widget elementor-widget-text-editor\" data-id=\"6172f063\" data-element_type=\"widget\" data-e-type=\"widget\" data-widget_type=\"text-editor.default\">\n\t\t\t\t\t\t\t\t\t<div class=\"wpb_text_column wpb_content_element \"><div class=\"wpb_wrapper\"><div><p>La Direcci\u00f3 de Vintegris \u00e9s conscient de la rellev\u00e0ncia de garantir la continu\u00eftat dels serveis prestats als nostres clients, de manera que Vintegris estigui en disposici\u00f3 de continuar operant davant d&#8217;interrupcions greus que puguin afectar els serveis prestats.<\/p><p>Aquesta pol\u00edtica estableix el marc per garantir la continu\u00eftat dels serveis de confian\u00e7a prestats per la nostra organitzaci\u00f3, aix\u00ed com els serveis oferts a nebulaSuite, en cas d&#8217;interrupcions operatives, incidents de seguretat o desastres que afectin la continu\u00eftat en la prestaci\u00f3 d&#8217;aquests serveis.<\/p><p>Els nostres objectius i principis que regeixen la continu\u00eftat de negoci s\u00f3n:<\/p><ul><li>Garantir la seguretat de les persones<\/li><li>Protegir la integritat, la disponibilitat i la confidencialitat dels serveis prestats i de la informaci\u00f3 tractada<\/li><li>Minimitzar l&#8217;impacte que un incident que afecti la disponibilitat dels serveis pugui causar els nostres clients, l&#8217;organitzaci\u00f3 i, en general, les parts interessades.<\/li><li>Comprom\u00eds amb la resili\u00e8ncia operativa que ens permeti la capacitat d&#8217;operar davant d&#8217;un incident<\/li><li>Estar en disposici\u00f3 de recuperar els serveis cr\u00edtics per a Vintegris de manera que es compleixin els requisits i les necessitats dels nostres clients i els compromisos adquirits amb ells.<\/li><li>Complir amb els requisits i obligacions establerts a la normativa, especialment, a la legislaci\u00f3 que regula la nostra activitat com a prestadors de serveis de confian\u00e7a qualificats<\/li><li>Actuar amb transpar\u00e8ncia en la nostra relaci\u00f3 amb les parts interessades davant d&#8217;un incident que afecti la disponibilitat del servei<\/li><li>Garantir la millora cont\u00ednua del nostre sistema de gesti\u00f3 de la continu\u00eftat de negoci<\/li><\/ul><p>Per complir aquests objectius, el desenvolupament d&#8217;aquesta Pol\u00edtica es materialitza en el nostre Pla de Continu\u00eftat de Negoci i en la designaci\u00f3 i determinaci\u00f3 dels rols i les responsabilitats necessaris per assolir aquests objectius<\/p><p>L&#8217;abast d&#8217;aquesta pol\u00edtica s\u00f3n els processos que suporten la prestaci\u00f3 dels serveis de confian\u00e7a i els serveis prestats amb nebulaSuite, les \u00e0rees i el personal implicats en la prestaci\u00f3 d&#8217;aquests serveis, incloent-hi el personal subcontractat i prove\u00efdors, les ubicacions f\u00edsiques i, en general, els recursos necessaris per al funcionament correcte<\/p><p>Sigui quin sigui el lloc de treball i les funcions de cada persona treballadora, tots som plenament responsables de la seva aplicaci\u00f3 al nostre \u00e0mbit d&#8217;acci\u00f3, assegurant aix\u00ed la seva efic\u00e0cia, la millora cont\u00ednua i el compliment dels objectius establerts<\/p><p>Aquesta Pol\u00edtica de Continu\u00eftat de Negoci \u00e9s difosa, entesa, implantada i actualitzada a tots els nivells de la companyia, aix\u00ed com posada a la disposici\u00f3 del p\u00fablic en general.<\/p><\/div><\/div><\/div><div id=\"fws_692d7f986393d\" class=\"wpb_row vc_row-fluid vc_row inner_row\" data-midnight=\"\" data-column-margin=\"default\"><div class=\"row-bg-wrap\"><div class=\"row-bg\"> <\/div><\/div><div class=\"row_col_wrap_12_inner col span_12 left\"><div class=\"vc_col-sm-12 wpb_column column_container vc_column_container col child_column no-extra-padding inherit_tablet inherit_phone \" data-padding-pos=\"all\" data-has-bg-color=\"false\" data-bg-color=\"\" data-bg-opacity=\"1\" data-animation=\"\" data-delay=\"0\"><div class=\"vc_column-inner\"><div class=\"wpb_wrapper\"><div class=\"wpb_text_column wpb_content_element \"><div class=\"wpb_wrapper\"><p><em>A Barcelona, \u200b\u200b27 de novembre de 2025.  <\/em><em>Matthew Walsh, Conseller Delegat de Vintegris<\/em><\/p><\/div><\/div><\/div><\/div><\/div><\/div><\/div>\t\t\t\t\t\t\t\t<\/div>\n\t\t\t\t<\/div>\n\t\t\t\t<\/div>\n\t\t\t\t\t<\/div>\n\t\t\t\t<\/div>\n\t\t<div class=\"elementor-element elementor-element-591dd229 e-con-full e-flex e-con e-parent\" data-id=\"591dd229\" data-element_type=\"container\" data-e-type=\"container\" data-settings=\"{&quot;jet_parallax_layout_list&quot;:[]}\">\n\t\t\t\t<div class=\"elementor-element elementor-element-64c0ba20 elementor-widget elementor-widget-template\" data-id=\"64c0ba20\" data-element_type=\"widget\" data-e-type=\"widget\" data-widget_type=\"template.default\">\n\t\t\t\t<div class=\"elementor-widget-container\">\n\t\t\t\t\t\t\t<div class=\"elementor-template\">\n\t\t\t\t\t<div data-elementor-type=\"container\" data-elementor-id=\"44654\" class=\"elementor elementor-44654 elementor-521\" data-elementor-post-type=\"elementor_library\">\n\t\t\t\t<div class=\"elementor-element elementor-element-3e4d9ad0 e-flex e-con-boxed e-con e-parent\" data-id=\"3e4d9ad0\" data-element_type=\"container\" data-e-type=\"container\" data-settings=\"{&quot;background_background&quot;:&quot;classic&quot;,&quot;jet_parallax_layout_list&quot;:[]}\">\n\t\t\t\t\t<div class=\"e-con-inner\">\n\t\t<div class=\"elementor-element elementor-element-43bfa597 e-con-full e-flex e-con e-child\" data-id=\"43bfa597\" data-element_type=\"container\" data-e-type=\"container\" data-settings=\"{&quot;jet_parallax_layout_list&quot;:[]}\">\n\t\t\t\t<div class=\"elementor-element elementor-element-3b6eadf elementor-widget elementor-widget-html\" data-id=\"3b6eadf\" data-element_type=\"widget\" data-e-type=\"widget\" data-widget_type=\"html.default\">\n\t\t\t\t\t<script charset=\"utf-8\" type=\"text\/javascript\" src=\"\/\/js-eu1.hsforms.net\/forms\/embed\/v2.js\"><\/script>\r\n<script>\r\n  hbspt.forms.create({\r\n    portalId: \"143553883\",\r\n    formId: \"ed5f8125-b711-4339-8418-bb01990d6f3b\",\r\n    region: \"eu1\"\r\n  });\r\n<\/script>\t\t\t\t<\/div>\n\t\t\t\t<\/div>\n\t\t<div class=\"elementor-element elementor-element-468278d8 e-con-full e-flex e-con e-child\" data-id=\"468278d8\" data-element_type=\"container\" data-e-type=\"container\" data-settings=\"{&quot;jet_parallax_layout_list&quot;:[]}\">\n\t\t\t\t<div class=\"elementor-element elementor-element-251349f1 elementor-widget elementor-widget-heading\" data-id=\"251349f1\" data-element_type=\"widget\" data-e-type=\"widget\" data-widget_type=\"heading.default\">\n\t\t\t\t\t<h3 class=\"elementor-heading-title elementor-size-default\">Estigues al dia amb les nostres novetats.<\/h3>\t\t\t\t<\/div>\n\t\t\t\t<div class=\"elementor-element elementor-element-f258e06 elementor-widget elementor-widget-text-editor\" data-id=\"f258e06\" data-element_type=\"widget\" data-e-type=\"widget\" data-widget_type=\"text-editor.default\">\n\t\t\t\t\t\t\t\t\t<p>Subscriu-te a la nostra newsletter i descobreix les darreres actualitzacions en ciberseguretat, identitat digital i solucions empresarials de confian\u00e7a.<\/p>\t\t\t\t\t\t\t\t<\/div>\n\t\t\t\t<\/div>\n\t\t\t\t\t<\/div>\n\t\t\t\t<\/div>\n\t\t\t\t<\/div>\n\t\t\t\t<\/div>\n\t\t\t\t\t\t<\/div>\n\t\t\t\t<\/div>\n\t\t\t\t<\/div>\n\t\t\t\t<\/div>\n\t\t","protected":false},"excerpt":{"rendered":"<p>La Direcci\u00f3 de Vintegris \u00e9s conscient de la rellev\u00e0ncia de garantir la continu\u00eftat dels serveis prestats als nostres clients, de manera que Vintegris estigui en disposici\u00f3 de continuar operant davant d&#8217;interrupcions greus que puguin afectar els serveis prestats. Aquesta pol\u00edtica estableix el marc per garantir la continu\u00eftat dels serveis de confian\u00e7a prestats per la nostra [&hellip;]<\/p>\n","protected":false},"author":5,"featured_media":0,"parent":0,"menu_order":0,"comment_status":"closed","ping_status":"closed","template":"","meta":{"content-type":"","footnotes":""},"class_list":["post-44253","page","type-page","status-publish","hentry"],"yoast_head":"<!-- This site is optimized with the Yoast SEO plugin v27.2 - https:\/\/yoast.com\/product\/yoast-seo-wordpress\/ -->\n<title>Pol\u00edtica de Continu\u00eftat de Negoci de Vintegris - vintegris<\/title>\n<meta name=\"robots\" content=\"index, follow, max-snippet:-1, max-image-preview:large, max-video-preview:-1\" \/>\n<link rel=\"canonical\" href=\"https:\/\/vintegris.com\/ca\/politica-de-continuitat-de-negoci-de-vintegris\/\" \/>\n<meta property=\"og:locale\" content=\"ca_ES\" \/>\n<meta property=\"og:type\" content=\"article\" \/>\n<meta property=\"og:title\" content=\"Pol\u00edtica de Continu\u00eftat de Negoci de Vintegris - vintegris\" \/>\n<meta property=\"og:description\" content=\"La Direcci\u00f3 de Vintegris \u00e9s conscient de la rellev\u00e0ncia de garantir la continu\u00eftat dels serveis prestats als nostres clients, de manera que Vintegris estigui en disposici\u00f3 de continuar operant davant d&#8217;interrupcions greus que puguin afectar els serveis prestats. Aquesta pol\u00edtica estableix el marc per garantir la continu\u00eftat dels serveis de confian\u00e7a prestats per la nostra [&hellip;]\" \/>\n<meta property=\"og:url\" content=\"https:\/\/vintegris.com\/ca\/politica-de-continuitat-de-negoci-de-vintegris\/\" \/>\n<meta property=\"og:site_name\" content=\"vintegris\" \/>\n<meta property=\"article:modified_time\" content=\"2025-12-10T10:09:56+00:00\" \/>\n<meta name=\"twitter:card\" content=\"summary_large_image\" \/>\n<meta name=\"twitter:label1\" content=\"Temps estimat de lectura\" \/>\n\t<meta name=\"twitter:data1\" content=\"2 minuts\" \/>\n<script type=\"application\/ld+json\" class=\"yoast-schema-graph\">{\"@context\":\"https:\/\/schema.org\",\"@graph\":[{\"@type\":\"WebPage\",\"@id\":\"https:\/\/vintegris.com\/ca\/politica-de-continuitat-de-negoci-de-vintegris\/\",\"url\":\"https:\/\/vintegris.com\/ca\/politica-de-continuitat-de-negoci-de-vintegris\/\",\"name\":\"Pol\u00edtica de Continu\u00eftat de Negoci de Vintegris - vintegris\",\"isPartOf\":{\"@id\":\"https:\/\/vintegris.com\/ca\/#website\"},\"datePublished\":\"2025-12-01T11:46:00+00:00\",\"dateModified\":\"2025-12-10T10:09:56+00:00\",\"breadcrumb\":{\"@id\":\"https:\/\/vintegris.com\/ca\/politica-de-continuitat-de-negoci-de-vintegris\/#breadcrumb\"},\"inLanguage\":\"ca\",\"potentialAction\":[{\"@type\":\"ReadAction\",\"target\":[\"https:\/\/vintegris.com\/ca\/politica-de-continuitat-de-negoci-de-vintegris\/\"]}]},{\"@type\":\"BreadcrumbList\",\"@id\":\"https:\/\/vintegris.com\/ca\/politica-de-continuitat-de-negoci-de-vintegris\/#breadcrumb\",\"itemListElement\":[{\"@type\":\"ListItem\",\"position\":1,\"name\":\"Portada\",\"item\":\"https:\/\/vintegris.com\/ca\/\"},{\"@type\":\"ListItem\",\"position\":2,\"name\":\"Pol\u00edtica de Continu\u00eftat de Negoci de Vintegris\"}]},{\"@type\":\"WebSite\",\"@id\":\"https:\/\/vintegris.com\/ca\/#website\",\"url\":\"https:\/\/vintegris.com\/ca\/\",\"name\":\"vintegris\",\"description\":\"\",\"potentialAction\":[{\"@type\":\"SearchAction\",\"target\":{\"@type\":\"EntryPoint\",\"urlTemplate\":\"https:\/\/vintegris.com\/ca\/?s={search_term_string}\"},\"query-input\":{\"@type\":\"PropertyValueSpecification\",\"valueRequired\":true,\"valueName\":\"search_term_string\"}}],\"inLanguage\":\"ca\"}]}<\/script>\n<!-- \/ Yoast SEO plugin. -->","yoast_head_json":{"title":"Pol\u00edtica de Continu\u00eftat de Negoci de Vintegris - vintegris","robots":{"index":"index","follow":"follow","max-snippet":"max-snippet:-1","max-image-preview":"max-image-preview:large","max-video-preview":"max-video-preview:-1"},"canonical":"https:\/\/vintegris.com\/ca\/politica-de-continuitat-de-negoci-de-vintegris\/","og_locale":"ca_ES","og_type":"article","og_title":"Pol\u00edtica de Continu\u00eftat de Negoci de Vintegris - vintegris","og_description":"La Direcci\u00f3 de Vintegris \u00e9s conscient de la rellev\u00e0ncia de garantir la continu\u00eftat dels serveis prestats als nostres clients, de manera que Vintegris estigui en disposici\u00f3 de continuar operant davant d&#8217;interrupcions greus que puguin afectar els serveis prestats. Aquesta pol\u00edtica estableix el marc per garantir la continu\u00eftat dels serveis de confian\u00e7a prestats per la nostra [&hellip;]","og_url":"https:\/\/vintegris.com\/ca\/politica-de-continuitat-de-negoci-de-vintegris\/","og_site_name":"vintegris","article_modified_time":"2025-12-10T10:09:56+00:00","twitter_card":"summary_large_image","twitter_misc":{"Temps estimat de lectura":"2 minuts"},"schema":{"@context":"https:\/\/schema.org","@graph":[{"@type":"WebPage","@id":"https:\/\/vintegris.com\/ca\/politica-de-continuitat-de-negoci-de-vintegris\/","url":"https:\/\/vintegris.com\/ca\/politica-de-continuitat-de-negoci-de-vintegris\/","name":"Pol\u00edtica de Continu\u00eftat de Negoci de Vintegris - vintegris","isPartOf":{"@id":"https:\/\/vintegris.com\/ca\/#website"},"datePublished":"2025-12-01T11:46:00+00:00","dateModified":"2025-12-10T10:09:56+00:00","breadcrumb":{"@id":"https:\/\/vintegris.com\/ca\/politica-de-continuitat-de-negoci-de-vintegris\/#breadcrumb"},"inLanguage":"ca","potentialAction":[{"@type":"ReadAction","target":["https:\/\/vintegris.com\/ca\/politica-de-continuitat-de-negoci-de-vintegris\/"]}]},{"@type":"BreadcrumbList","@id":"https:\/\/vintegris.com\/ca\/politica-de-continuitat-de-negoci-de-vintegris\/#breadcrumb","itemListElement":[{"@type":"ListItem","position":1,"name":"Portada","item":"https:\/\/vintegris.com\/ca\/"},{"@type":"ListItem","position":2,"name":"Pol\u00edtica de Continu\u00eftat de Negoci de Vintegris"}]},{"@type":"WebSite","@id":"https:\/\/vintegris.com\/ca\/#website","url":"https:\/\/vintegris.com\/ca\/","name":"vintegris","description":"","potentialAction":[{"@type":"SearchAction","target":{"@type":"EntryPoint","urlTemplate":"https:\/\/vintegris.com\/ca\/?s={search_term_string}"},"query-input":{"@type":"PropertyValueSpecification","valueRequired":true,"valueName":"search_term_string"}}],"inLanguage":"ca"}]}},"_links":{"self":[{"href":"https:\/\/vintegris.com\/ca\/wp-json\/wp\/v2\/pages\/44253","targetHints":{"allow":["GET"]}}],"collection":[{"href":"https:\/\/vintegris.com\/ca\/wp-json\/wp\/v2\/pages"}],"about":[{"href":"https:\/\/vintegris.com\/ca\/wp-json\/wp\/v2\/types\/page"}],"author":[{"embeddable":true,"href":"https:\/\/vintegris.com\/ca\/wp-json\/wp\/v2\/users\/5"}],"replies":[{"embeddable":true,"href":"https:\/\/vintegris.com\/ca\/wp-json\/wp\/v2\/comments?post=44253"}],"version-history":[{"count":2,"href":"https:\/\/vintegris.com\/ca\/wp-json\/wp\/v2\/pages\/44253\/revisions"}],"predecessor-version":[{"id":44255,"href":"https:\/\/vintegris.com\/ca\/wp-json\/wp\/v2\/pages\/44253\/revisions\/44255"}],"wp:attachment":[{"href":"https:\/\/vintegris.com\/ca\/wp-json\/wp\/v2\/media?parent=44253"}],"curies":[{"name":"wp","href":"https:\/\/api.w.org\/{rel}","templated":true}]}}